{"id":1081,"date":"2017-09-05T10:02:05","date_gmt":"2017-09-05T15:02:05","guid":{"rendered":"http:\/\/168.77.211.238\/cosmo.senacyt.gob.pa\/?page_id=549"},"modified":"2018-01-23T11:08:21","modified_gmt":"2018-01-23T16:08:21","slug":"caf","status":"publish","type":"page","link":"https:\/\/clubesdeciencia.senacyt.gob.pa\/index.php\/caf\/","title":{"rendered":"CAF-INICIO"},"content":{"rendered":"<div class=\"fusion-fullwidth fullwidth-box fusion-builder-row-1 nonhundred-percent-fullwidth non-hundred-percent-height-scrolling\" style=\"--awb-border-radius-top-left:0px;--awb-border-radius-top-right:0px;--awb-border-radius-bottom-right:0px;--awb-border-radius-bottom-left:0px;--awb-padding-top:20px;--awb-padding-bottom:20px;--awb-flex-wrap:wrap;\" ><div class=\"fusion-builder-row fusion-row\"><div class=\"fusion-layout-column fusion_builder_column fusion-builder-column-0 fusion_builder_column_1_1 1_1 fusion-one-full fusion-column-first fusion-column-last\" style=\"--awb-bg-size:cover;\"><div class=\"fusion-column-wrapper fusion-flex-column-wrapper-legacy\"><div class=\"fusion-clearfix\"><\/div><\/div><\/div><div class=\"fusion-layout-column fusion_builder_column fusion-builder-column-1 fusion_builder_column_1_1 1_1 fusion-one-full fusion-column-first fusion-column-last\" style=\"--awb-bg-size:cover;\"><div class=\"fusion-column-wrapper fusion-flex-column-wrapper-legacy\"><div class=\"fusion-title title fusion-title-1 fusion-sep-none fusion-title-text fusion-title-size-one\"><h1 class=\"fusion-title-heading title-heading-left\" style=\"margin:0;\"><span style=\"color: black; font-family: arial; font-size: 24px;\"><strong>ESTRUCTURA:<\/strong><\/span><\/h1><\/div><div class=\"fusion-text fusion-text-1\"><p><span style=\"color: #607e8c; font-family: arial; font-size: 18px;\">La Comunidad de Aprendizaje de F\u00edsica est\u00e1 constituida por docentes que se agrupan seg\u00fan afinidades e intereses cognitivos comunes y basan sus actividades en el desarrollo e intercambio de ideas, teor\u00edas, metodolog\u00edas, saberes, etc.<\/span><\/p>\n<\/div><div class=\"fusion-title title fusion-title-2 fusion-sep-none fusion-title-text fusion-title-size-one\"><h1 class=\"fusion-title-heading title-heading-left\" style=\"margin:0;\"><span style=\"color: black; font-family: arial; font-size: 24px;\"><strong>PRINCIPIOS \u00c9TICOS:<\/strong><\/span><\/h1><\/div><div class=\"fusion-text fusion-text-2\"><p><span style=\"color: #607e8c; font-family: arial; font-size: 18px;\">Los miembros deben actuar conforme a la pr\u00e1ctica de valores como la responsabilidad compartida y solidaria, la integraci\u00f3n, el di\u00e1logo, la colaboraci\u00f3n, creatividad e innovaci\u00f3n y, sobre todo, el progreso de sus clases de f\u00edsica y el avance de la educaci\u00f3n en Panam\u00e1.<\/span><\/p>\n<\/div><div class=\"fusion-title title fusion-title-3 fusion-sep-none fusion-title-text fusion-title-size-one\"><h1 class=\"fusion-title-heading title-heading-left\" style=\"margin:0;\"><span style=\"color: black; font-family: arial; font-size: 24px;\"><strong>OBJETIVO GENERAL:<\/strong><\/span><\/h1><\/div><div class=\"fusion-text fusion-text-3\"><p><span style=\"color: #607e8c; font-family: arial; font-size: 18px;\">Favorecer la reflexi\u00f3n cr\u00edtica de los profesores sobre sus intervenciones en las aulas y con ello contribuir al mejoramiento de la calidad del proceso educativo. Se espera que los docentes sean capaces de dise\u00f1ar, desarrollar y evaluar propuestas did\u00e1cticas en temas de f\u00edsica.<\/span><\/p>\n<\/div><div class=\"fusion-title title fusion-title-4 fusion-sep-none fusion-title-text fusion-title-size-one\"><h1 class=\"fusion-title-heading title-heading-left\" style=\"margin:0;\"><span style=\"color: black; font-family: arial; font-size: 24px;\"><strong>OBJETIVOS ESPEC\u00cdFICOS:<\/strong><\/span><\/h1><\/div><div class=\"fusion-text fusion-text-4\"><p><span style=\"color: #607e8c; font-family: arial; font-size: 18px;\"><br \/>\n\u00b7 Proporcionar material (te\u00f3rico y\/o pr\u00e1ctico) para repensar los procesos de ense\u00f1anza y aprendizaje de la f\u00edsica en las escuelas.<br \/>\n\u00b7 Promover el dise\u00f1o de metodolog\u00edas de planificaci\u00f3n did\u00e1ctica innovadoras que puedan ser llevadas al aula y contribuyan a mejorar las pr\u00e1cticas de ense\u00f1anza.<br \/>\n\u00b7 Incentivar la reflexi\u00f3n sobre las propias pr\u00e1cticas profesionales y la revisi\u00f3n y discusi\u00f3n de las experiencias de los colegas.<br \/>\n\u00b7 Promover el desempe\u00f1o del profesor como profesional reflexivo de la educaci\u00f3n.<br \/>\n<\/span><\/p>\n<\/div><div class=\"fusion-title title fusion-title-5 fusion-sep-none fusion-title-text fusion-title-size-one\"><h1 class=\"fusion-title-heading title-heading-left\" style=\"margin:0;\"><span style=\"color: black; font-family: arial; font-size: 24px;\"><strong>METODOLOG\u00cdA:<\/strong><\/span><\/h1><\/div><div class=\"fusion-text fusion-text-5\"><p><span style=\"color: #607e8c; font-family: arial; font-size: 18px;\">Reuniones por grupos de trabajo en las cuales los participantes adquirir\u00e1n habilidades y desarrollar\u00e1n competencias en el conocimiento did\u00e1ctico del contenido escogido por ellos. Esto implica poder plantear situaciones did\u00e1cticas en temas de f\u00edsica, llevarlas al aula y evaluarlas. Es importante celebrar encuentros preparatorios con los profesores para promover el proyecto y definir los objetivos comunes que se esperan alcanzar.<br \/>\n<\/span><\/p>\n<\/div><div class=\"fusion-sep-clear\"><\/div><div class=\"fusion-separator fusion-full-width-sep\" style=\"margin-left: auto;margin-right: auto;width:100%;\"><div class=\"fusion-separator-border sep-single sep-solid\" style=\"--awb-height:20px;--awb-amount:20px;border-color:#e0dede;border-top-width:4px;\"><\/div><\/div><div class=\"fusion-sep-clear\"><\/div><div class=\"fusion-clearfix\"><\/div><\/div><\/div><div class=\"fusion-layout-column fusion_builder_column fusion-builder-column-2 fusion_builder_column_1_6 1_6 fusion-one-sixth fusion-column-first\" style=\"--awb-bg-size:cover;width:16.666666666667%;width:calc(16.666666666667% - ( ( 4% + 4% ) * 0.16666666666667 ) );margin-right: 4%;\"><div class=\"fusion-column-wrapper fusion-flex-column-wrapper-legacy\"><div class=\"fusion-clearfix\"><\/div><\/div><\/div><div class=\"fusion-layout-column fusion_builder_column fusion-builder-column-3 fusion_builder_column_2_3 2_3 fusion-two-third\" style=\"--awb-bg-size:cover;width:66.666666666667%;width:calc(66.666666666667% - ( ( 4% + 4% ) * 0.66666666666667 ) );margin-right: 4%;\"><div class=\"fusion-column-wrapper fusion-flex-column-wrapper-legacy\"><div class=\"fusion-content-boxes content-boxes columns row fusion-columns-1 fusion-columns-total-1 fusion-content-boxes-1 content-boxes-icon-with-title content-left\" style=\"--awb-hover-accent-color:#a0ce4e;--awb-circle-hover-accent-color:#a0ce4e;--awb-item-margin-bottom:40px;\" data-animationOffset=\"top-into-view\"><div style=\"--awb-backgroundcolor:rgba(255,255,255,0);\" class=\"fusion-column content-box-column content-box-column content-box-column-1 col-lg-12 col-md-12 col-sm-12 fusion-content-box-hover content-box-column-last content-box-column-last-in-row\"><div class=\"col content-box-wrapper content-wrapper link-area-link-icon icon-hover-animation-fade\" data-animationOffset=\"top-into-view\"><div class=\"fusion-clearfix\"><\/div><div class=\"content-container\"><iframe src=\"https:\/\/drive.google.com\/file\/d\/1MO-R7pDKiLYzmndUFMyja2ZNwBcbo_cS\/preview\" width=\"640\" height=\"480\"><\/iframe><br \/>\n1er Encuentro de:<br \/>\n&#8220;Docentes Comunidades de Aprendizaje de F\u00edsica&#8221;<\/div><\/div><\/div><div class=\"fusion-clearfix\"><\/div><\/div><div class=\"fusion-clearfix\"><\/div><\/div><\/div><div class=\"fusion-layout-column fusion_builder_column fusion-builder-column-4 fusion_builder_column_1_6 1_6 fusion-one-sixth fusion-column-last\" style=\"--awb-bg-size:cover;width:16.666666666667%;width:calc(16.666666666667% - ( ( 4% + 4% ) * 0.16666666666667 ) );\"><div class=\"fusion-column-wrapper fusion-flex-column-wrapper-legacy\"><div class=\"fusion-clearfix\"><\/div><\/div><\/div><\/div><\/div>\n","protected":false},"excerpt":{"rendered":"","protected":false},"author":1,"featured_media":0,"parent":0,"menu_order":0,"comment_status":"closed","ping_status":"closed","template":"100-width.php","meta":[],"_links":{"self":[{"href":"https:\/\/clubesdeciencia.senacyt.gob.pa\/index.php\/wp-json\/wp\/v2\/pages\/1081"}],"collection":[{"href":"https:\/\/clubesdeciencia.senacyt.gob.pa\/index.php\/wp-json\/wp\/v2\/pages"}],"about":[{"href":"https:\/\/clubesdeciencia.senacyt.gob.pa\/index.php\/wp-json\/wp\/v2\/types\/page"}],"author":[{"embeddable":true,"href":"https:\/\/clubesdeciencia.senacyt.gob.pa\/index.php\/wp-json\/wp\/v2\/users\/1"}],"replies":[{"embeddable":true,"href":"https:\/\/clubesdeciencia.senacyt.gob.pa\/index.php\/wp-json\/wp\/v2\/comments?post=1081"}],"version-history":[{"count":4,"href":"https:\/\/clubesdeciencia.senacyt.gob.pa\/index.php\/wp-json\/wp\/v2\/pages\/1081\/revisions"}],"predecessor-version":[{"id":1262,"href":"https:\/\/clubesdeciencia.senacyt.gob.pa\/index.php\/wp-json\/wp\/v2\/pages\/1081\/revisions\/1262"}],"wp:attachment":[{"href":"https:\/\/clubesdeciencia.senacyt.gob.pa\/index.php\/wp-json\/wp\/v2\/media?parent=1081"}],"curies":[{"name":"wp","href":"https:\/\/api.w.org\/{rel}","templated":true}]}}