{"id":1083,"date":"2017-09-06T09:03:35","date_gmt":"2017-09-06T14:03:35","guid":{"rendered":"http:\/\/168.77.211.238\/cosmo.senacyt.gob.pa\/?page_id=558"},"modified":"2017-10-02T09:04:46","modified_gmt":"2017-10-02T14:04:46","slug":"trabajo","status":"publish","type":"page","link":"https:\/\/clubesdeciencia.senacyt.gob.pa\/index.php\/trabajo\/","title":{"rendered":"TRABAJO"},"content":{"rendered":"<p><div class=\"fusion-fullwidth fullwidth-box fusion-builder-row-1 nonhundred-percent-fullwidth non-hundred-percent-height-scrolling\" style=\"--awb-border-radius-top-left:0px;--awb-border-radius-top-right:0px;--awb-border-radius-bottom-right:0px;--awb-border-radius-bottom-left:0px;--awb-padding-top:0px;--awb-padding-bottom:0px;--awb-background-color:#5c7887;--awb-flex-wrap:wrap;\" ><div class=\"fusion-builder-row fusion-row\"><div class=\"fusion-layout-column fusion_builder_column fusion-builder-column-0 fusion_builder_column_1_1 1_1 fusion-one-full fusion-column-first fusion-column-last\" style=\"--awb-bg-size:cover;\"><div class=\"fusion-column-wrapper fusion-flex-column-wrapper-legacy\"><div class=\"fusion-title title fusion-title-1 fusion-sep-none fusion-title-center fusion-title-text fusion-title-size-one\"><h1 class=\"fusion-title-heading title-heading-center\" style=\"margin:0;\"><p><span style=\"color: white; open-san-regular: impact; font-size: 24px;\"><br \/>\nHola queridos colegas, \u00bfc\u00f3mo est\u00e1n? Bienvenidos a nuestra ruta de trabajo.<br \/>\nSigan leyendo, y \u00a1aj\u00fastense los cinturones que este proyecto arranca con paso firme!<\/span><\/p>\n<p style=\"text-align: center; color: white; font-size: 18px;\">***<\/p><\/h1><\/div><div class=\"fusion-text fusion-text-1\"><p><span style=\"color: white; open-san-regular: impact; font-size: 18px;\">Como docentes de f\u00edsica deseamos preparar a nuestros estudiantes para los desaf\u00edos que van a enfrentar en la vida; por lo que no es suficiente con ense\u00f1ar las conclusiones a las que ha llegado la f\u00edsica luego de siglos de trabajo (y que tard\u00f3 usted en conocer), menos si lo quiere hacer en un corto tiempo; los estudiantes deben poder experimentar procesos similares a los que hizo la humanidad para producir esas ideas, tener oportunidades para exponer sus razonamientos, poner a prueba sus ideas, resolver problemas, plantearse y contestar preguntas. El dise\u00f1o o adaptaci\u00f3n de materiales did\u00e1cticos enfocados en la indagaci\u00f3n, el aprendizaje inverso y la progresi\u00f3n de una gran idea es un proceso bastante complejo por lo que la creaci\u00f3n de una Comunidad de Aprendizaje de F\u00edsica (CAF) facilitar\u00e1 la puesta en com\u00fan del trabajo que planeamos realizar. Este proyecto busca promover la colaboraci\u00f3n y el trabajo en equipo para crear, producir, transferir, compartir, difundir conocimiento a trav\u00e9s de la interacci\u00f3n entre ustedes, como estrategias transformadoras en la educaci\u00f3n paname\u00f1a<\/span><\/p>\n<\/div><div class=\"fusion-sep-clear\"><\/div><div class=\"fusion-separator fusion-full-width-sep\" style=\"margin-left: auto;margin-right: auto;width:100%;\"><div class=\"fusion-separator-border sep-single sep-solid\" style=\"--awb-height:20px;--awb-amount:20px;border-color:#e0dede;border-top-width:2px;\"><\/div><\/div><div class=\"fusion-sep-clear\"><\/div><div class=\"fusion-clearfix\"><\/div><\/div><\/div><\/div><\/div><div class=\"fusion-fullwidth fullwidth-box fusion-builder-row-2 nonhundred-percent-fullwidth non-hundred-percent-height-scrolling\" style=\"--awb-border-radius-top-left:0px;--awb-border-radius-top-right:0px;--awb-border-radius-bottom-right:0px;--awb-border-radius-bottom-left:0px;--awb-padding-top:0px;--awb-padding-bottom:0px;--awb-flex-wrap:wrap;\" ><div class=\"fusion-builder-row fusion-row\"><div class=\"fusion-layout-column fusion_builder_column fusion-builder-column-1 fusion_builder_column_1_1 1_1 fusion-one-full fusion-column-first fusion-column-last\" style=\"--awb-padding-top:10px;--awb-padding-bottom:10px;--awb-bg-size:cover;\"><div class=\"fusion-column-wrapper fusion-flex-column-wrapper-legacy\"><div class=\"fusion-title title fusion-title-2 fusion-sep-none fusion-title-center fusion-title-text fusion-title-size-one\"><h1 class=\"fusion-title-heading title-heading-center\" style=\"margin:0;\"><p style=\"text-align: center; font-size: 24px;\"><strong>INFORME 1 FORMACI\u00d3N DE LA CAF<\/strong><\/p><\/h1><\/div><div class=\"fusion-title title fusion-title-3 fusion-sep-none fusion-title-text fusion-title-size-one\"><h1 class=\"fusion-title-heading title-heading-left\" style=\"margin:0;\"><p style=\"text-align: left; color: black; font-size: 18px;\">Lo primero que hay que decir es que las CAF permiten comenzar un proceso de reflexi\u00f3n grupal e individual sobre nuestra tarea de ense\u00f1ar f\u00edsica. Por eso les proponemos hacer un informe de la sesi\u00f3n de trabajo que tuvimos en el primer encuentro en la en conmemoraci\u00f3n al D\u00eda del F\u00edsico. El formato del <strong>informe 1<\/strong> lo dejamos aqu\u00ed y recomendamos al coordinador del grupo mandarlo al correo: <a href=\"mailto:mrojas@senacyt.gob.pa\">mrojas@senacyt.gob.pa<\/a> para as\u00ed publicarlo en este sitio web en la secci\u00f3n que le corresponde a su CAF.<br \/>\nPara poder aprender recomendamos compartir experiencias a trav\u00e9s de una bit\u00e1cora (diario de campo) en el que se vaya haciendo un ejercicio de sistematizaci\u00f3n a gusto de los colaboradores de la CAF y hacer un peque\u00f1o resumen de los acuerdos de las reuniones.<\/p><\/h1><\/div><div align=\"center\"><iframe src=\"https:\/\/drive.google.com\/file\/d\/0B9h0cUeP7beZLUxBY3VINW1FWVU\/preview\" width=\"600\" height=\"500\"><\/iframe>\n<\/div>\n\n\n<div class=\"fusion-sep-clear\"><\/div><div class=\"fusion-separator fusion-full-width-sep\" style=\"margin-left: auto;margin-right: auto;width:100%;\"><div class=\"fusion-separator-border sep-single sep-solid\" style=\"--awb-height:20px;--awb-amount:20px;border-color:#e0dede;border-top-width:2px;\"><\/div><\/div><div class=\"fusion-sep-clear\"><\/div><div class=\"fusion-title title fusion-title-4 fusion-sep-none fusion-title-text fusion-title-size-one\"><h1 class=\"fusion-title-heading title-heading-left\" style=\"margin:0;\"><p style=\"text-align: center;\"><strong>INFORME 2. DISE\u00d1O DE MATERIALES<\/strong><\/p>\n<p style=\"text-align: left; font-size: 18px;\">Ofrecemos algunas ideas que pueden darles luces de c\u00f3mo empezar en el dise\u00f1o de material did\u00e1ctico denominado &#8220;unidades educativas&#8221; que en realidad son una suma de varias lecciones que permiten profundizar progresivamente en una gran idea o tema de la f\u00edsica. Hemos seleccionado la estrategia de ense\u00f1anza por dise\u00f1o (UbD) de Wiggins y Mc Tighe (ver en recursos). El formato del <strong>informe 2<\/strong> lo dejamos junto con ejemplos de en qu\u00e9 trabajar en el primer encuentro que celebrar\u00e1 su CAF en el mes de julio y recomendamos al coordinador del grupo mandarlo al correo: <a href=\"mailto:mrojas@senacyt.gob.pa\">mrojas@senacyt.gob.pa<\/a> para as\u00ed publicarlo en este sitio web en la secci\u00f3n que le corresponde a su CAF.<br \/>\nConsidere los ejemplos que les proporcionamos. Util\u00edcelos c\u00f3mo gu\u00eda para dise\u00f1ar material. Recuerde que no hay una secuencia establecida para el dise\u00f1o de este material.<\/p><\/h1><\/div><div class=\"fusion-clearfix\"><\/div><\/div><\/div><\/div><\/div><div class=\"fusion-fullwidth fullwidth-box fusion-builder-row-3 hundred-percent-fullwidth non-hundred-percent-height-scrolling\" style=\"--awb-border-radius-top-left:0px;--awb-border-radius-top-right:0px;--awb-border-radius-bottom-right:0px;--awb-border-radius-bottom-left:0px;--awb-padding-top:20px;--awb-padding-bottom:20px;--awb-flex-wrap:wrap;\" ><div class=\"fusion-builder-row fusion-row\"><div class=\"fusion-layout-column fusion_builder_column fusion-builder-column-2 fusion_builder_column_1_2 1_2 fusion-one-half fusion-column-first\" style=\"--awb-bg-size:cover;width:50%;width:calc(50% - ( ( 4% ) * 0.5 ) );margin-right: 4%;\"><div class=\"fusion-column-wrapper fusion-flex-column-wrapper-legacy\"><div align=\"center\"><iframe src=\"https:\/\/drive.google.com\/file\/d\/0B9h0cUeP7beZUEVSR2lXNjIzNDg\/preview\" width=\"600\" height=\"500\"><\/iframe>\n<\/div>\n\n\n<div class=\"fusion-clearfix\"><\/div><\/div><\/div><div class=\"fusion-layout-column fusion_builder_column fusion-builder-column-3 fusion_builder_column_1_2 1_2 fusion-one-half fusion-column-last\" style=\"--awb-bg-size:cover;width:50%;width:calc(50% - ( ( 4% ) * 0.5 ) );\"><div class=\"fusion-column-wrapper fusion-flex-column-wrapper-legacy\"><iframe src=\"https:\/\/drive.google.com\/file\/d\/0B9h0cUeP7beZc3BFU1kxcUFuaG8\/preview\" width=\"600\" height=\"500\"><\/iframe><div class=\"fusion-clearfix\"><\/div><\/div><\/div><\/div><\/div><\/p>\n","protected":false},"excerpt":{"rendered":"","protected":false},"author":1,"featured_media":0,"parent":0,"menu_order":0,"comment_status":"closed","ping_status":"closed","template":"100-width.php","meta":[],"_links":{"self":[{"href":"https:\/\/clubesdeciencia.senacyt.gob.pa\/index.php\/wp-json\/wp\/v2\/pages\/1083"}],"collection":[{"href":"https:\/\/clubesdeciencia.senacyt.gob.pa\/index.php\/wp-json\/wp\/v2\/pages"}],"about":[{"href":"https:\/\/clubesdeciencia.senacyt.gob.pa\/index.php\/wp-json\/wp\/v2\/types\/page"}],"author":[{"embeddable":true,"href":"https:\/\/clubesdeciencia.senacyt.gob.pa\/index.php\/wp-json\/wp\/v2\/users\/1"}],"replies":[{"embeddable":true,"href":"https:\/\/clubesdeciencia.senacyt.gob.pa\/index.php\/wp-json\/wp\/v2\/comments?post=1083"}],"version-history":[{"count":3,"href":"https:\/\/clubesdeciencia.senacyt.gob.pa\/index.php\/wp-json\/wp\/v2\/pages\/1083\/revisions"}],"predecessor-version":[{"id":1255,"href":"https:\/\/clubesdeciencia.senacyt.gob.pa\/index.php\/wp-json\/wp\/v2\/pages\/1083\/revisions\/1255"}],"wp:attachment":[{"href":"https:\/\/clubesdeciencia.senacyt.gob.pa\/index.php\/wp-json\/wp\/v2\/media?parent=1083"}],"curies":[{"name":"wp","href":"https:\/\/api.w.org\/{rel}","templated":true}]}}