{"id":1099,"date":"2017-09-07T09:10:34","date_gmt":"2017-09-07T19:10:34","guid":{"rendered":"http:\/\/168.77.211.238\/cosmo.senacyt.gob.pa\/?page_id=683"},"modified":"2019-03-15T21:41:21","modified_gmt":"2019-03-16T02:41:21","slug":"panama-oeste","status":"publish","type":"page","link":"https:\/\/clubesdeciencia.senacyt.gob.pa\/index.php\/panama-oeste\/","title":{"rendered":"PANAM\u00c1 OESTE"},"content":{"rendered":"<p><a href=\"https:\/\/samedayessay.com\/\">write my essays online<\/a><div class=\"fusion-fullwidth fullwidth-box fusion-builder-row-1 nonhundred-percent-fullwidth non-hundred-percent-height-scrolling\" style=\"--awb-border-radius-top-left:0px;--awb-border-radius-top-right:0px;--awb-border-radius-bottom-right:0px;--awb-border-radius-bottom-left:0px;--awb-padding-top:20px;--awb-padding-bottom:20px;--awb-flex-wrap:wrap;\" ><div class=\"fusion-builder-row fusion-row\"><div class=\"fusion-layout-column fusion_builder_column fusion-builder-column-0 fusion_builder_column_1_1 1_1 fusion-one-full fusion-column-first fusion-column-last\" style=\"--awb-bg-size:cover;\"><div class=\"fusion-column-wrapper fusion-flex-column-wrapper-legacy\"><br>\n<br>\n<br><div class=\"fusion-testimonials classic awb-speech-bubble-show fusion-testimonials-1\" style=\"--awb-textcolor:#747474;--awb-backgroundcolor:#f6f6f6;--awb-testimonial-border-style:solid;--awb-testimonial-border-color:var(--awb-color3);--awb-border-top-left-radius:0px;--awb-border-top-right-radius:0px;--awb-border-bottom-left-radius:0px;--awb-border-bottom-right-radius:0px;--testimonial-border-width-top:0px;--testimonial-border-width-right:0px;--testimonial-border-width-bottom:0px;--testimonial-border-width-left:0px;\" data-random=\"0\" data-speed=\"4000\"><div class=\"reviews\"><div class=\"review active-testimonial male\"><blockquote><div class=\"awb-quote\"><div class=\"awb-quote-content\">\n<p>Estamos a la espera de informaci\u00f3n para su publicaci\u00f3n en esta secci\u00f3n.<\/p>\n<\/div><\/div><span class=\"awb-triangle\"><\/span><\/blockquote><div class=\"author\"><span class=\"testimonial-thumbnail doe\"><\/span><span class=\"company-name\"><strong>Administrador<\/strong><span>, <\/span><span>de la SENACYT<\/span><\/span><\/div><\/div><\/div><\/div><br>\n<br>\n<br>\n<br>\n<br>\n<div class=\"fusion-clearfix\"><\/div><\/div><\/div><\/div><\/div><\/p>\n","protected":false},"excerpt":{"rendered":"<p>write my essays online<\/p>\n","protected":false},"author":1,"featured_media":0,"parent":0,"menu_order":0,"comment_status":"closed","ping_status":"closed","template":"","meta":[],"_links":{"self":[{"href":"https:\/\/clubesdeciencia.senacyt.gob.pa\/index.php\/wp-json\/wp\/v2\/pages\/1099"}],"collection":[{"href":"https:\/\/clubesdeciencia.senacyt.gob.pa\/index.php\/wp-json\/wp\/v2\/pages"}],"about":[{"href":"https:\/\/clubesdeciencia.senacyt.gob.pa\/index.php\/wp-json\/wp\/v2\/types\/page"}],"author":[{"embeddable":true,"href":"https:\/\/clubesdeciencia.senacyt.gob.pa\/index.php\/wp-json\/wp\/v2\/users\/1"}],"replies":[{"embeddable":true,"href":"https:\/\/clubesdeciencia.senacyt.gob.pa\/index.php\/wp-json\/wp\/v2\/comments?post=1099"}],"version-history":[{"count":4,"href":"https:\/\/clubesdeciencia.senacyt.gob.pa\/index.php\/wp-json\/wp\/v2\/pages\/1099\/revisions"}],"predecessor-version":[{"id":1254,"href":"https:\/\/clubesdeciencia.senacyt.gob.pa\/index.php\/wp-json\/wp\/v2\/pages\/1099\/revisions\/1254"}],"wp:attachment":[{"href":"https:\/\/clubesdeciencia.senacyt.gob.pa\/index.php\/wp-json\/wp\/v2\/media?parent=1099"}],"curies":[{"name":"wp","href":"https:\/\/api.w.org\/{rel}","templated":true}]}}