{"id":724,"date":"2017-07-21T11:01:08","date_gmt":"2017-07-21T16:01:08","guid":{"rendered":"http:\/\/168.77.211.238\/clubesdeciencia.senacyt.gob.pa\/?page_id=724"},"modified":"2017-09-15T14:57:33","modified_gmt":"2017-09-15T19:57:33","slug":"programa-nacional","status":"publish","type":"page","link":"https:\/\/clubesdeciencia.senacyt.gob.pa\/index.php\/programa-nacional\/","title":{"rendered":"Programa Nacional"},"content":{"rendered":"<div class=\"fusion-fullwidth fullwidth-box fusion-builder-row-1 hundred-percent-fullwidth non-hundred-percent-height-scrolling\" style=\"--awb-border-radius-top-left:0px;--awb-border-radius-top-right:0px;--awb-border-radius-bottom-right:0px;--awb-border-radius-bottom-left:0px;--awb-padding-top:140px;--awb-padding-bottom:140px;--awb-margin-top:0px;--awb-margin-bottom:;--awb-background-color:#eef2ee;--awb-flex-wrap:wrap;\" ><div class=\"fusion-builder-row fusion-row\"><div class=\"fusion-layout-column fusion_builder_column fusion-builder-column-0 fusion_builder_column_1_2 1_2 fusion-one-half fusion-column-first\" style=\"--awb-bg-size:cover;width:50%;width:calc(50% - ( ( 4% ) * 0.5 ) );margin-right: 4%;\"><div class=\"fusion-column-wrapper fusion-flex-column-wrapper-legacy\"><div class=\"fusion-text fusion-text-1\"><p><img decoding=\"async\" class=\"alignnone wp-image-727 size-full\" src=\"http:\/\/clubesdeciencia.senacyt.gob.pa\/wp-content\/uploads\/2017\/07\/PORTAL-CLUBES-SENACYT.png\" alt=\"\" width=\"667\" height=\"375\" srcset=\"https:\/\/clubesdeciencia.senacyt.gob.pa\/wp-content\/uploads\/2017\/07\/PORTAL-CLUBES-SENACYT-200x112.png 200w, https:\/\/clubesdeciencia.senacyt.gob.pa\/wp-content\/uploads\/2017\/07\/PORTAL-CLUBES-SENACYT-300x169.png 300w, https:\/\/clubesdeciencia.senacyt.gob.pa\/wp-content\/uploads\/2017\/07\/PORTAL-CLUBES-SENACYT-400x225.png 400w, https:\/\/clubesdeciencia.senacyt.gob.pa\/wp-content\/uploads\/2017\/07\/PORTAL-CLUBES-SENACYT-600x337.png 600w, https:\/\/clubesdeciencia.senacyt.gob.pa\/wp-content\/uploads\/2017\/07\/PORTAL-CLUBES-SENACYT.png 667w\" sizes=\"(max-width: 667px) 100vw, 667px\" \/><\/p>\n<\/div><div class=\"fusion-clearfix\"><\/div><\/div><\/div><div class=\"fusion-layout-column fusion_builder_column fusion-builder-column-1 fusion_builder_column_1_2 1_2 fusion-one-half fusion-column-last\" style=\"--awb-bg-size:cover;width:50%;width:calc(50% - ( ( 4% ) * 0.5 ) );\"><div class=\"fusion-column-wrapper fusion-flex-column-wrapper-legacy\"><div class=\"fusion-text fusion-text-2\"><p><span style=\"font-size: 14pt;\">Programa Nacional de Clubes de Ciencia<\/span><\/p>\n<p><span style=\"font-size: 14pt;\">Los Clubes de Ciencia son espacios extracurriculares no formarles de car\u00e1cter voluntario, donde los j\u00f3venes y adultos de la comunidad educativa tienen la oportunidad de generar ideas, trabajar en equipo, divertirse, aprender y sobre todo potenciar su creatividad y fortalecer habilidades cient\u00edficas.<\/span><\/p>\n<p><span style=\"font-size: 14pt;\">El Concurso Nacional de Clubes de Ciencia, Programa Institucional de la SENACYT, promueve la creaci\u00f3n y desarrollo de Clubes de Ciencia en las escuelas primarias y secundarias del pa\u00eds como un acercamiento a la investigaci\u00f3n y el quehacer cient\u00edfico.<\/span><\/p>\n<p><span style=\"font-size: 14pt;\">Para crear un Club de Ciencia, se deber\u00e1 conformar a un grupo de estudiantes que est\u00e9n dispuestos a participar en actividades extracurriculares. Un Club podr\u00e1 iniciar actividades en un \u00e1rea tem\u00e1tica espec\u00edfica y ampliarse a otras \u00e1reas con el tiempo, podr\u00e1n trabajar en distintas \u00e1reas de las ciencias o seg\u00fan el inter\u00e9s de los miembros.<\/span><\/p>\n<\/div><div class=\"fusion-clearfix\"><\/div><\/div><\/div><\/div><\/div>\n","protected":false},"excerpt":{"rendered":"","protected":false},"author":1,"featured_media":0,"parent":0,"menu_order":0,"comment_status":"closed","ping_status":"closed","template":"100-width.php","meta":[],"_links":{"self":[{"href":"https:\/\/clubesdeciencia.senacyt.gob.pa\/index.php\/wp-json\/wp\/v2\/pages\/724"}],"collection":[{"href":"https:\/\/clubesdeciencia.senacyt.gob.pa\/index.php\/wp-json\/wp\/v2\/pages"}],"about":[{"href":"https:\/\/clubesdeciencia.senacyt.gob.pa\/index.php\/wp-json\/wp\/v2\/types\/page"}],"author":[{"embeddable":true,"href":"https:\/\/clubesdeciencia.senacyt.gob.pa\/index.php\/wp-json\/wp\/v2\/users\/1"}],"replies":[{"embeddable":true,"href":"https:\/\/clubesdeciencia.senacyt.gob.pa\/index.php\/wp-json\/wp\/v2\/comments?post=724"}],"version-history":[{"count":21,"href":"https:\/\/clubesdeciencia.senacyt.gob.pa\/index.php\/wp-json\/wp\/v2\/pages\/724\/revisions"}],"predecessor-version":[{"id":1195,"href":"https:\/\/clubesdeciencia.senacyt.gob.pa\/index.php\/wp-json\/wp\/v2\/pages\/724\/revisions\/1195"}],"wp:attachment":[{"href":"https:\/\/clubesdeciencia.senacyt.gob.pa\/index.php\/wp-json\/wp\/v2\/media?parent=724"}],"curies":[{"name":"wp","href":"https:\/\/api.w.org\/{rel}","templated":true}]}}